{"id":26,"date":"2014-06-30T12:29:06","date_gmt":"2014-06-30T10:29:06","guid":{"rendered":"http:\/\/torsten-groth.org\/?page_id=26"},"modified":"2019-07-23T17:35:49","modified_gmt":"2019-07-23T15:35:49","slug":"presse","status":"publish","type":"page","link":"http:\/\/torsten-groth.org\/?page_id=26","title":{"rendered":"Presseerw\u00e4hnungen\/ Artikel\/ Interviews"},"content":{"rendered":"<p><a style=\"font-style: italic;\" href=\"http:\/\/torsten-groth.org\/wp-content\/uploads\/2014\/08\/Groth_Zeichnung_3.jpg\"><img loading=\"lazy\" class=\" wp-image-259 alignleft\" src=\"http:\/\/torsten-groth.org\/wp-content\/uploads\/2014\/08\/Groth_Zeichnung_3-150x150.jpg\" alt=\"Groth_Zeichnung_3\" width=\"165\" height=\"165\" \/><\/a><i>Regelm\u00e4\u00dfig werde ich von Zeitungen und Magazinen angefragt, aktuelle\u00a0Entwicklungen rund um Management, F\u00fchrung und Organisation oder auch in Familienunternehmen zu kommentieren. Hier findet sich eine kleine Auswahl an Pressever\u00f6ffentlichungen und -erw\u00e4hnungen. Zum Nachlesen folgen Sie bitte den Verlinkungen hinter den Zeitschriftentiteln:<\/i><\/p>\n<p style=\"text-align: center;\">* * *<\/p>\n<p><strong>Mit der Kraft der Ahnen<\/strong> (brandeins Themenheft &#8222;Innovation&#8220;, M\u00e4rz 2019)<br \/>\nIn Familienunternehmen sind die Vorfahren Garant f\u00fcr Fortschritt und Erneuerung. Sagt die Wissenschaft. Wie kommt das?<\/p>\n<p><a href=\"https:\/\/www.brandeins.de\/magazine\/brand-eins-thema\/innovation-2019\/mit-der-kraft-der-ahnen\"><img loading=\"lazy\" class=\"aligncenter wp-image-88 size-full\" src=\"http:\/\/torsten-groth.org\/wp-content\/uploads\/2014\/06\/brand-eins-e1562509885473.jpg\" alt=\"\" width=\"265\" height=\"60\" \/><\/a><\/p>\n<p style=\"text-align: center;\">* * *<\/p>\n<p style=\"text-align: left;\"><strong>So klappt die Zusammenarbeit in in Teams<\/strong> (18. Feb. 2019)<br \/>\nTrittbrettfahrer und Cliquenbildung: Teamarbeit ist oft schwieriger, als es in der Theorie scheint. Damit die Gemeinschaftsarbeit Erfolg hat, kommt es vor allem auf die Zusammensetzung der Gruppen an &#8211; und auf die Ansagen.<\/p>\n<p style=\"text-align: center;\"><a href=\"https:\/\/www.abendblatt.de\/wirtschaft\/karriere\/article216465741\/So-klappt-die-Zusammenarbeit-im-Team.html\"><img loading=\"lazy\" class=\"aligncenter wp-image-456 size-full\" src=\"http:\/\/torsten-groth.org\/wp-content\/uploads\/2019\/07\/Unknown.png\" alt=\"\" width=\"275\" height=\"183\" \/><\/a><\/p>\n<p style=\"text-align: center;\">* * *<\/p>\n<p><strong>Wie Manager die Vergangenheit ihres Unternehmens f\u00fcr den Wandel nutzen k\u00f6nnen<\/strong> (15. Mai 2018)<br \/>\nDisruption verdr\u00e4ngt alte Gesch\u00e4ftsmodelle und l\u00e4sst neue entstehen. Dabei stehen etablierte Konzerne vor einer besonderen Herausforderung.<\/p>\n<p><a href=\"https:\/\/www.handelsblatt.com\/unternehmen\/management\/disruption-grosser-marktfuehrer-wie-manager-die-vergangenheit-ihres-unternehmens-fuer-den-wandel-nutzen-koennen\/22509404.html?share=twitter\"><img loading=\"lazy\" class=\"aligncenter wp-image-43 size-full\" src=\"http:\/\/torsten-groth.org\/wp-content\/uploads\/2014\/06\/Handelsblatt.jpg\" alt=\"\" width=\"214\" height=\"47\" \/><\/a><\/p>\n<p style=\"text-align: center;\">* * *<\/p>\n<p><strong>Wenn das Unternehmen an der Familie scheitert<\/strong> (2. April 2017)<br \/>\nNeun von zehn Firmen in Deutschland geh\u00f6ren Familien. Doch auf den Patriarchen folgt oft eine Generation, die sich in Streits verliert.<\/p>\n<p><a href=\"https:\/\/www.welt.de\/regionales\/nrw\/article163445005\/Wenn-das-Unternehmen-an-der-Familie-scheitert.html#Comments\"><img loading=\"lazy\" class=\"aligncenter wp-image-424 \" src=\"http:\/\/torsten-groth.org\/wp-content\/uploads\/2017\/04\/wams.png\" alt=\"wams\" width=\"257\" height=\"30\" srcset=\"http:\/\/torsten-groth.org\/wp-content\/uploads\/2017\/04\/wams.png 600w, http:\/\/torsten-groth.org\/wp-content\/uploads\/2017\/04\/wams-300x35.png 300w\" sizes=\"(max-width: 257px) 100vw, 257px\" \/><\/a><\/p>\n<p style=\"text-align: center;\">* * *<\/p>\n<p><strong>Uni analysiert die Duisburger Unternehmerfamilie Haniel<\/strong> (22. M\u00e4rz 2017)<\/p>\n<p><a href=\"https:\/\/www.wp.de\/wirtschaft\/das-netz-der-1429-haniel-nachfahren-id210009155.html\"><img loading=\"lazy\" class=\"aligncenter wp-image-397 \" src=\"http:\/\/torsten-groth.org\/wp-content\/uploads\/2017\/03\/wp.jpg\" alt=\"wp\" width=\"187\" height=\"68\" srcset=\"http:\/\/torsten-groth.org\/wp-content\/uploads\/2017\/03\/wp.jpg 372w, http:\/\/torsten-groth.org\/wp-content\/uploads\/2017\/03\/wp-300x108.jpg 300w\" sizes=\"(max-width: 187px) 100vw, 187px\" \/><\/a><\/p>\n<p style=\"text-align: center;\">* * *<\/p>\n<p style=\"text-align: left;\"><strong>Vize-Vorgesetzte<\/strong> (17. M\u00e4rz 2017)<br \/>\nDie einen sind Kronprinz, die anderen Co-Chef: Stellvertreter haben oft einen undankbaren Job.<\/p>\n<p style=\"text-align: left;\"><a href=\"http:\/\/www.sueddeutsche.de\/karriere\/vize-vorgesetzte-die-nummer-zwei-1.3422250\"><img loading=\"lazy\" class=\"wp-image-399 aligncenter\" src=\"http:\/\/torsten-groth.org\/wp-content\/uploads\/2017\/03\/sz.png\" alt=\"sz\" width=\"226\" height=\"94\" srcset=\"http:\/\/torsten-groth.org\/wp-content\/uploads\/2017\/03\/sz.png 348w, http:\/\/torsten-groth.org\/wp-content\/uploads\/2017\/03\/sz-300x124.png 300w\" sizes=\"(max-width: 226px) 100vw, 226px\" \/><\/a><\/p>\n<p style=\"text-align: center;\">* * *<\/p>\n<p style=\"text-align: left;\"><strong>Stellvertreter sollte ihre Rolle klar definieren<\/strong> (6. M\u00e4rz 2017)<\/p>\n<p style=\"text-align: left;\"><a href=\"http:\/\/www.bild.de\/ratgeber\/aktuelles\/ratgeber\/stellvertreter-sollten-ihre-rolle-klar-definieren-50719104.bild.html\"><img loading=\"lazy\" class=\"wp-image-398 aligncenter\" src=\"http:\/\/torsten-groth.org\/wp-content\/uploads\/2017\/03\/bild.png\" alt=\"bild\" width=\"128\" height=\"81\" \/><\/a><\/p>\n<p style=\"text-align: center;\">* * *<\/p>\n<p><strong>Zerrissen und zerrieben<\/strong> (Feb. 2017)<br \/>\nSelbstorganisation, agile Projekte und das Prinzip der Augenh\u00f6he haben ihn nicht abgeschafft: den Sandwichmanager. (&#8230;). Strategien gegen das Zerriebenwerden.<\/p>\n<p><a href=\"http:\/\/www.managerseminare.de\/ms_Artikel\/Sandwichmanager-Zerrissen-und-zerrieben,252200\"><img loading=\"lazy\" class=\"aligncenter wp-image-396 \" src=\"http:\/\/torsten-groth.org\/wp-content\/uploads\/2017\/03\/ms.png\" alt=\"ms\" width=\"260\" height=\"71\" srcset=\"http:\/\/torsten-groth.org\/wp-content\/uploads\/2017\/03\/ms.png 429w, http:\/\/torsten-groth.org\/wp-content\/uploads\/2017\/03\/ms-300x81.png 300w\" sizes=\"(max-width: 260px) 100vw, 260px\" \/><\/a><\/p>\n<p style=\"text-align: center;\">* * *<\/p>\n<p><strong>Die Nummer zwei &#8211; Stellvertreter sollen ihre Rolle klar definieren<\/strong> (11. Feb. 2017)<br \/>\nDie Position des Stellvertreters ist auf den ersten Blick ein undankbarer Job. Statt selbst zu bestimmen, ist man auf der beruflichen Ersatzbank. Doch aus dieser Stelle l\u00e4sst sich mehr machen, als viele denken ..<\/p>\n<p><a href=\"http:\/\/www.n-tv.de\/ratgeber\/Stellvertreter-sollten-ihre-Rolle-klar-definieren-article19689219.html\"><img loading=\"lazy\" class=\"aligncenter wp-image-402 \" src=\"http:\/\/torsten-groth.org\/wp-content\/uploads\/2014\/06\/n-tv.jpg\" alt=\"n-tv\" width=\"164\" height=\"80\" \/><\/a><\/p>\n<p style=\"text-align: center;\">* * *<\/p>\n<p style=\"text-align: left;\"><strong>Wir sind die Firma\u00a0<\/strong>(7. Juni 2013)<br \/>\nFamilienunternehmen sind \u00e4u\u00dferst erfolgreich \u2013 dabei spricht im Grunde vieles dagegen. Zwei Portr\u00e4ts aus der dritten Generation.<\/p>\n<p><a href=\"http:\/\/www.haz.de\/Nachrichten\/Wirtschaft\/Niedersachsen\/Familienunternehmen-im-Portraet\" target=\"_blank\" rel=\"noopener noreferrer\"><img loading=\"lazy\" class=\"wp-image-30 aligncenter\" src=\"http:\/\/torsten-groth.org\/wp-content\/uploads\/2014\/06\/Hannoversche-Allgemeine-300x55.jpg\" alt=\"Hannoversche Allgemeine\" width=\"317\" height=\"58\" srcset=\"http:\/\/torsten-groth.org\/wp-content\/uploads\/2014\/06\/Hannoversche-Allgemeine-300x55.jpg 300w, http:\/\/torsten-groth.org\/wp-content\/uploads\/2014\/06\/Hannoversche-Allgemeine.jpg 498w\" sizes=\"(max-width: 317px) 100vw, 317px\" \/><\/a><\/p>\n<p style=\"text-align: center;\">* * *<\/p>\n<p><strong>Glanz und Zerfall von Familienfirmen: Der Fluch der dritten Generation\u00a0<\/strong>(8. November 2012)<br \/>\nWarum viele Familienfirmen sp\u00e4testens nach 60 Jahren das Zeitliche segnen und was sie tun m\u00fcssten, um 200 Jahre alt zu werden.<strong><br \/>\n<\/strong><br \/>\n<a href=\"http:\/\/www.nzz.ch\/aktuell\/wirtschaft\/nzz_equity\/der-fluch-der-dritten-generation-1.17774561\" target=\"_blank\" rel=\"noopener noreferrer\"><img loading=\"lazy\" class=\"wp-image-38 aligncenter\" src=\"http:\/\/torsten-groth.org\/wp-content\/uploads\/2014\/06\/Neue-Z\u00fcrcher-Zeitung-300x49.jpg\" alt=\"Neue Z\u00fcrcher Zeitung\" width=\"294\" height=\"48\" srcset=\"http:\/\/torsten-groth.org\/wp-content\/uploads\/2014\/06\/Neue-Z\u00fcrcher-Zeitung-300x49.jpg 300w, http:\/\/torsten-groth.org\/wp-content\/uploads\/2014\/06\/Neue-Z\u00fcrcher-Zeitung.jpg 532w\" sizes=\"(max-width: 294px) 100vw, 294px\" \/><\/a><\/p>\n<p style=\"text-align: center;\">* * *<\/p>\n<p><strong>Die Untersicherheiten machen krank<\/strong> (25. April 2012)<br \/>\nDas spannungsreiche Verh\u00e4ltnis von Hof und Familie &#8230;<\/p>\n<p><a href=\"http:\/\/www.swp.de\/crailsheim\/lokales\/landkreis_schwaebisch_hall\/unsicherheiten-machen-krank-8267980.html\"><img loading=\"lazy\" class=\"aligncenter wp-image-395 \" src=\"http:\/\/torsten-groth.org\/wp-content\/uploads\/2017\/03\/swp-e1490192229366.jpg\" alt=\"swp\" width=\"152\" height=\"101\" \/><\/a><\/p>\n<p style=\"text-align: center;\">* * *<\/p>\n<p><strong>&#8222;Harry, hol schon mal den Wagen&#8220;<\/strong> (9. Aug. 2011)<br \/>\nLoyal, talentiert und bescheiden soll er sein, der ideale Stellvertreter. Doch eines muss die Nummer zwei besonders gut k\u00f6nnen: die Schw\u00e4chen des Chefs ausgleichen.<\/p>\n<p><a href=\"http:\/\/www.faz.net\/aktuell\/beruf-chance\/arbeitswelt\/der-stellvertreter-harry-hol-schon-mal-den-wagen-1639626.html\"><img loading=\"lazy\" class=\"aligncenter wp-image-404 \" src=\"http:\/\/torsten-groth.org\/wp-content\/uploads\/2014\/06\/faz.png\" alt=\"faz\" width=\"236\" height=\"44\" srcset=\"http:\/\/torsten-groth.org\/wp-content\/uploads\/2014\/06\/faz.png 520w, http:\/\/torsten-groth.org\/wp-content\/uploads\/2014\/06\/faz-300x55.png 300w\" sizes=\"(max-width: 236px) 100vw, 236px\" \/><\/a><\/p>\n<p style=\"text-align: center;\">* * *<\/p>\n<p><strong>Die langfristige Perspektive zahlt sich aus<\/strong> (12. April 2010)<br \/>\nSie treiben nicht zwanghaft den Unternehmenswert, sondern sichern ihr Eigentum f\u00fcr die n\u00e4chste Generation: Familienunternehmen sind weniger krisenanf\u00e4llig. Langer Atem und Visionen helfen ihnen, in schlechten Zeiten zu bestehen. Was Konzerne von Familienunternehmen lernen k\u00f6nnen.<br \/>\n<a href=\"http:\/\/www.handelsblatt.com\/unternehmen\/mittelstand\/familienunternehmen-die-langfristige-perspektive-zahlt-sich-aus\/3409536.html\" target=\"_blank\" rel=\"noopener noreferrer\"><img loading=\"lazy\" class=\"size-full wp-image-43 aligncenter\" src=\"http:\/\/torsten-groth.org\/wp-content\/uploads\/2014\/06\/Handelsblatt.jpg\" alt=\"Handelsblatt\" width=\"214\" height=\"47\" \/><\/a><\/p>\n<p style=\"text-align: center;\">* * *<\/p>\n<p><strong>Der Berater f\u00fcr Familienunternehmen<\/strong>\u00a0(13. November 2009)<br \/>\nFamilienunternehmen zu beraten ist eine besonders vielseitige Herausforderung, findet Torsten Groth, denn hier kommen betriebswirtschaftliche Anspr\u00fcche mit den psychologischen Anforderungen von Familienstrukturen zusammen.<br \/>\n<a href=\"http:\/\/www.welt.de\/welt_print\/vermischtes\/article5195378\/Der-Berater-fuer-Familienunternehmen.html\" target=\"_blank\" rel=\"noopener noreferrer\"><img loading=\"lazy\" class=\"wp-image-63 aligncenter\" src=\"http:\/\/torsten-groth.org\/wp-content\/uploads\/2014\/07\/Die-Welt.jpg\" alt=\"Die Welt\" width=\"207\" height=\"41\" \/><\/a><\/p>\n<p style=\"text-align: center;\">* * *<\/p>\n<p><strong>Die Illusion der perfekten Kontrolle\u00a0<\/strong>(7. Oktober 2009)<br \/>\nAlles im Griff? Moderation: Susanne Kaufmann. Es diskutieren: Torsten Groth &#8211; Soziologe, Management Zentrum Witten, Berlin, Prof. Dr. Ortwin Renn &#8211; Risikoforscher, Universit\u00e4t Stuttgart, Dr. Bernd Sprenger &#8211; Facharzt f\u00fcr Psychotherapie, Berlin<br \/>\n<strong><a href=\"http:\/\/podster.de\/episode\/1133227\" target=\"_blank\" rel=\"noopener noreferrer\"><img loading=\"lazy\" class=\"wp-image-47 aligncenter\" src=\"http:\/\/torsten-groth.org\/wp-content\/uploads\/2014\/06\/SWR2.jpg\" alt=\"SWR2\" width=\"153\" height=\"44\" \/><\/a><\/strong><\/p>\n<p style=\"text-align: center;\">* * *<\/p>\n<p style=\"text-align: left;\"><strong>Wege aus der Krise: von der Familie lernen<\/strong> (15. April 2009)<br \/>\nFamilienunternehmen haben die Finanzkrise zum gro\u00dfen Teil bisher erstaunlich gut \u00fcberstanden. Wie sieht ihr Erfolgsfaktor aus? Ein Portr\u00e4t der erfolgreichen deutschen M\u00f6belkette POCO.<br \/>\n<a href=\"http:\/\/www.dw.de\/von-der-familie-lernen\/a-4177210\" target=\"_blank\" rel=\"noopener noreferrer\"><img loading=\"lazy\" class=\"size-full wp-image-99 aligncenter\" src=\"http:\/\/torsten-groth.org\/wp-content\/uploads\/2014\/07\/Deutsche-Welle.jpg\" alt=\"Deutsche Welle\" width=\"109\" height=\"60\" \/><\/a><\/p>\n<p style=\"text-align: center;\">* * *<\/p>\n<p><strong>Sind Familienunternehmer die besseren Kapitalisten?\u00a0<\/strong>(16. Juli 2008)<br \/>\nDas Familieunternehmen Schaeffler aus Franken will mit Continental den f\u00fcnftgr\u00f6\u00dften Reifenhersteller der Welt \u00fcbernehmen. Ein weiterer Versuch einer Unternehmerfamilie, einen DAX-Konzern zu kaufen. Was macht Familieunternehmen so stark? Sind sie wom\u00f6glich die besseren Unternehmer? Dar\u00fcber sprach tagesschau.de mit Torsten Groth vom Wittener Institut f\u00fcr Familienunternehmen.<br \/>\n<a href=\"https:\/\/www.tagesschau.de\/wirtschaft\/familienunternehmen100.html\" target=\"_blank\" rel=\"noopener noreferrer\"><img loading=\"lazy\" class=\"wp-image-70 aligncenter\" src=\"http:\/\/torsten-groth.org\/wp-content\/uploads\/2014\/07\/tagesschau.de_.jpg\" alt=\"tagesschau.de\" width=\"195\" height=\"44\" \/><\/a><\/p>\n<p style=\"text-align: center;\">***<\/p>\n<p style=\"text-align: left;\"><strong>Einsam Spitze bleiben<\/strong> (19. Sept. 2008)<br \/>\n&#8222;Weltmarktf\u00fchrer&#8220;, welch gro\u00dfes Wort, wer m\u00f6chte das nicht sein &#8211; und bleiben, nat\u00fcrlich? Aber wie geht das? Torsten Groth hat es erforscht und fand heraus: es sind die kleineren eigent\u00fcmergef\u00fchrten Unternehmen, die sehr oft Weltmarktf\u00fchrer sind.<\/p>\n<p style=\"text-align: center;\"><a href=\"http:\/\/archiv.mwonline.de\/online\/journalartikel\/12256\/Einsam+Spitze+bleiben\/Anja+Dilk+++Heike+Littger.html\"><img loading=\"lazy\" class=\"aligncenter wp-image-405 \" src=\"http:\/\/torsten-groth.org\/wp-content\/uploads\/2014\/06\/mw.jpg\" alt=\"mw\" width=\"351\" height=\"65\" srcset=\"http:\/\/torsten-groth.org\/wp-content\/uploads\/2014\/06\/mw.jpg 1600w, http:\/\/torsten-groth.org\/wp-content\/uploads\/2014\/06\/mw-300x55.jpg 300w, http:\/\/torsten-groth.org\/wp-content\/uploads\/2014\/06\/mw-1024x189.jpg 1024w\" sizes=\"(max-width: 351px) 100vw, 351px\" \/><\/a><\/p>\n<p style=\"text-align: center;\">* * *<\/p>\n<p><strong>Gro\u00dfinvestor Buffett: US-Milliard\u00e4r auf Einkaufstour in Deutschland\u00a0<\/strong>(19. Mai 2008)<br \/>\nWarren Buffett in Shoppinglaune: In Frankfurt trifft sich der US-Milliard\u00e4r mit Vertretern deutscher Familienunternehmern. Der reichste Mann der Welt sucht ein neues Investitionsfeld &#8211; und wirbt um Vertrauen.<br \/>\n<a href=\"http:\/\/www.spiegel.de\/wirtschaft\/grossinvestor-buffett-us-milliardaer-auf-einkaufstour-in-deutschland-a-554048.html\" target=\"_blank\" rel=\"noopener noreferrer\"><img loading=\"lazy\" class=\"wp-image-74 aligncenter\" src=\"http:\/\/torsten-groth.org\/wp-content\/uploads\/2014\/07\/Spiegel-online.jpg\" alt=\"Spiegel online\" width=\"189\" height=\"30\" \/><\/a><\/p>\n<p style=\"text-align: center;\">* * *<\/p>\n<p><strong>Generation X\u00a0<\/strong>(Februar 2008)<br \/>\nGro\u00dfeltern, Vater, Mutter und Kind \u00ad das nennt man gemeinhin Familie. Wenn sich alle in einem Unternehmen versammeln, hei\u00dft das Familienbetrieb \u00ad und ist die Erfolgsformel des Mittelstands.<br \/>\n<a href=\"http:\/\/www.brandeins.de\/wissen\/neuland\/ostwestfalen-lippe\/generation-x.html\" target=\"_blank\" rel=\"noopener noreferrer\"><img loading=\"lazy\" class=\"wp-image-77 aligncenter\" src=\"http:\/\/torsten-groth.org\/wp-content\/uploads\/2014\/07\/brand-eins-wissen-300x40.jpg\" alt=\"brand eins wissen\" width=\"203\" height=\"27\" srcset=\"http:\/\/torsten-groth.org\/wp-content\/uploads\/2014\/07\/brand-eins-wissen-300x40.jpg 300w, http:\/\/torsten-groth.org\/wp-content\/uploads\/2014\/07\/brand-eins-wissen.jpg 490w\" sizes=\"(max-width: 203px) 100vw, 203px\" \/><\/a><\/p>\n<p style=\"text-align: center;\">* * *<\/p>\n<p><strong>Deutschlands gr\u00f6\u00dfte Familienunternehmen<\/strong> (19. Nov. 2007)<br \/>\nDeutschlands f\u00fchrende Familienunternehmen setzen auf konstantes Wachstum, Ausschl\u00e4ge nach oben und unten sind eher selten.<\/p>\n<p><a href=\"http:\/\/www.handelsblatt.com\/unternehmen\/mittelstand\/ranking-deutschlands-groesste-familienunternehmen\/2895422.html\"><img loading=\"lazy\" class=\"aligncenter wp-image-43 size-full\" src=\"http:\/\/torsten-groth.org\/wp-content\/uploads\/2014\/06\/Handelsblatt.jpg\" alt=\"Handelsblatt\" width=\"214\" height=\"47\" \/><\/a><\/p>\n<p style=\"text-align: center;\">\u00a0* * *<\/p>\n<p><strong>Die Macht der deutschten Wirtschafsdynastien<\/strong> (4. Okt. 2007)<br \/>\nFamilienunternehmen mischen die Unternehmenslandschaft auf. Haniel \u00fcbernimmt die Macht bei Metro, Porsche bei Volkswagen. Doch das sind nur die zwei bekanntesten Beispiele. Auf allen Ebenen sind die Sippen so einflussreich wie nie zuvor.<\/p>\n<p><a href=\"http:\/\/torsten-groth.orgFamilienunternehmen mischen die Unternehmenslandschaft auf. Haniel \u00fcbernimmt die Macht bei Metro, Porsche bei Volkswagen. Doch das sind nur die zwei bekanntesten Beispiele. Auf allen Ebenen sind die Sippen so einflussreich wie nie zuvor.\/wp-content\/uploads\/2014\/07\/Die-Welt.jpg\"><img loading=\"lazy\" class=\"aligncenter wp-image-63 \" src=\"http:\/\/torsten-groth.org\/wp-content\/uploads\/2014\/07\/Die-Welt.jpg\" alt=\"Die Welt\" width=\"237\" height=\"47\" \/><\/a><\/p>\n<p style=\"text-align: center;\">\u00a0* * *<\/p>\n<p><strong>Hinter den Kulissen des Familienunternehmens\u00a0<\/strong>(Dez.\/Jan. 2006\/7)<br \/>\nFamilienunternehmen sind oftmals erfolgreicher und zugleich aber auch gef\u00e4hrdeter als andere Unternehmenstypen. Enge famili\u00e4re Bande k\u00f6nnen Identit\u00e4t und Kontinuit\u00e4t im Unternehmen steigern, genauso gut aber auch zu unerbittlichem Streit f\u00fchren. In Familienunternehmen tobt das wahre Leben. Ein guter Grund f\u00fcr Torsten Groth, hinter die Kulissen der Familienunternehmen zu schauen.<br \/>\n<a href=\"http:\/\/blogs.faz.net\/hinter_den_kulissen_des_familienunternehmens\/\" target=\"_blank\" rel=\"noopener noreferrer\"><img loading=\"lazy\" class=\"wp-image-80 aligncenter\" src=\"http:\/\/torsten-groth.org\/wp-content\/uploads\/2014\/07\/FAZ-Blogs.jpg\" alt=\"FAZ Blogs\" width=\"114\" height=\"54\" \/><\/a><\/p>\n<p style=\"text-align: center;\">* * *<\/p>\n<p><strong>Wo Familie und Unternehmen eins werden\u00a0<\/strong>(27. Feb. 2005)<br \/>\nWittener Forscher ergr\u00fcnden den Erfolg von Familienunternehmen &#8211; und werden dabei von Unternehmerfamilien gesponsert<br \/>\n<a href=\"http:\/\/www.welt.de\/print-wams\/article124295\/Wo-Familie-und-Unternehmen-eins-werden.html\" target=\"_blank\" rel=\"noopener noreferrer\"><img loading=\"lazy\" class=\"wp-image-63 aligncenter\" src=\"http:\/\/torsten-groth.org\/wp-content\/uploads\/2014\/07\/Die-Welt.jpg\" alt=\"Die Welt\" width=\"201\" height=\"40\" \/><\/a><\/p>\n<p style=\"text-align: center;\">* * *<\/p>\n<p><strong>Aufstehen, weitermachen<\/strong> (15. Jan. 2005)<\/p>\n<p>Scheitern als Chance &#8211; aus Niederlagen lernen<\/p>\n<p><a href=\"http:\/\/www.abendblatt.de\/wirtschaft\/karriere\/article106948804\/Aufstehen-weitermachen.html\"><img loading=\"lazy\" class=\"aligncenter wp-image-410 \" src=\"http:\/\/torsten-groth.org\/wp-content\/uploads\/2014\/06\/hab.png\" alt=\"hab\" width=\"314\" height=\"54\" srcset=\"http:\/\/torsten-groth.org\/wp-content\/uploads\/2014\/06\/hab.png 540w, http:\/\/torsten-groth.org\/wp-content\/uploads\/2014\/06\/hab-300x51.png 300w\" sizes=\"(max-width: 314px) 100vw, 314px\" \/><\/a><\/p>\n<p style=\"text-align: center;\">* * *<\/p>\n<p><strong>Das Erbst\u00fcck\u00a0<\/strong>(Feb. 2004)<br \/>\nKann eine Maschinenfabrik eine Herzensangelegenheit sein? Das kann nur fragen, wer Berthold Leibinger nicht kennt. Und Trumpf. UND \u00dcBERHAUPT: FAMILIENUNTERNEHMEN.<a href=\"http:\/\/www.brandeins.de\/archiv\/2004\/mythos-zahl\/das-erbstueck.html\" target=\"_blank\" rel=\"noopener noreferrer\"><img loading=\"lazy\" class=\"wp-image-88 aligncenter\" src=\"http:\/\/torsten-groth.org\/wp-content\/uploads\/2014\/06\/brand-eins.jpg\" alt=\"brand eins\" width=\"180\" height=\"41\" \/><\/a><\/p>\n<p style=\"text-align: center;\">* * *<\/p>\n","protected":false},"excerpt":{"rendered":"<p>Regelm\u00e4\u00dfig werde ich von Zeitungen und Magazinen angefragt, aktuelle\u00a0Entwicklungen rund um Management, F\u00fchrung und Organisation oder auch in Familienunternehmen zu kommentieren. Hier findet sich eine kleine Auswahl an Pressever\u00f6ffentlichungen und -erw\u00e4hnungen. Zum Nachlesen folgen Sie bitte den Verlinkungen hinter den&#8230;<\/p>\n","protected":false},"author":1,"featured_media":0,"parent":0,"menu_order":0,"comment_status":"open","ping_status":"open","template":"page-template-bookmarks.php","meta":[],"_links":{"self":[{"href":"http:\/\/torsten-groth.org\/index.php?rest_route=\/wp\/v2\/pages\/26"}],"collection":[{"href":"http:\/\/torsten-groth.org\/index.php?rest_route=\/wp\/v2\/pages"}],"about":[{"href":"http:\/\/torsten-groth.org\/index.php?rest_route=\/wp\/v2\/types\/page"}],"author":[{"embeddable":true,"href":"http:\/\/torsten-groth.org\/index.php?rest_route=\/wp\/v2\/users\/1"}],"replies":[{"embeddable":true,"href":"http:\/\/torsten-groth.org\/index.php?rest_route=%2Fwp%2Fv2%2Fcomments&post=26"}],"version-history":[{"count":87,"href":"http:\/\/torsten-groth.org\/index.php?rest_route=\/wp\/v2\/pages\/26\/revisions"}],"predecessor-version":[{"id":527,"href":"http:\/\/torsten-groth.org\/index.php?rest_route=\/wp\/v2\/pages\/26\/revisions\/527"}],"wp:attachment":[{"href":"http:\/\/torsten-groth.org\/index.php?rest_route=%2Fwp%2Fv2%2Fmedia&parent=26"}],"curies":[{"name":"wp","href":"https:\/\/api.w.org\/{rel}","templated":true}]}}